{"id":103,"date":"2020-05-17T19:14:57","date_gmt":"2020-05-17T19:14:57","guid":{"rendered":"https:\/\/demosites.io\/yoga-studio-gb\/?page_id=103"},"modified":"2025-06-17T22:46:57","modified_gmt":"2025-06-17T20:46:57","slug":"84647-contact","status":"publish","type":"page","link":"https:\/\/neoballet.ch\/?page_id=103","title":{"rendered":"Contact"},"content":{"rendered":"\n<div id=\"wp-block-themeisle-blocks-advanced-columns-de58857b\" class=\"wp-block-themeisle-blocks-advanced-columns alignfull has-1-columns has-desktop-equal-layout has-tablet-equal-layout has-mobile-equal-layout has-vertical-unset\"><div class=\"wp-block-themeisle-blocks-advanced-columns-overlay\"><\/div><div class=\"innerblocks-wrap\">\n<div id=\"wp-block-themeisle-blocks-advanced-column-f2953736\" class=\"wp-block-themeisle-blocks-advanced-column\">\n<div id=\"wp-block-themeisle-blocks-font-awesome-icons-2f936e33\" class=\"wp-block-themeisle-blocks-font-awesome-icons\"><span class=\"wp-block-themeisle-blocks-font-awesome-icons-container\"><i class=\"far fa-comments\"><\/i><\/span><\/div>\n\n\n\n<h1 id=\"wp-block-themeisle-blocks-advanced-heading-1d382bba\" class=\"wp-block-themeisle-blocks-advanced-heading wp-block-themeisle-blocks-advanced-heading-1d382bba\">Contactez-nous<\/h1>\n<\/div>\n<\/div><\/div>\n\n\n\n<div id=\"wp-block-themeisle-blocks-advanced-columns-4f3ae4cc\" class=\"wp-block-themeisle-blocks-advanced-columns alignfull has-2-columns has-desktop-equal-layout has-tablet-equal-layout has-mobile-collapsedRows-layout has-vertical-unset ticss-d194bb2c has-light-bg\"><div class=\"wp-block-themeisle-blocks-advanced-columns-overlay\"><\/div><div class=\"innerblocks-wrap\">\n<div id=\"wp-block-themeisle-blocks-advanced-column-3a11072a\" class=\"wp-block-themeisle-blocks-advanced-column\">\n<h4 class=\"wp-block-heading has-neve-link-hover-color-color has-text-color\"><strong>Je veux danser !<\/strong><\/h4>\n\n\n\n<h2 class=\"wp-block-heading\">Envoyez un message<\/h2>\n\n\n\n<p id=\"wp-block-themeisle-blocks-advanced-heading-7cc5fb22\" class=\"wp-block-themeisle-blocks-advanced-heading wp-block-themeisle-blocks-advanced-heading-7cc5fb22\">Pour demander de vous inscrire, ou simplement pour demander un renseignement ou nous donner un feedback, envoyez nous un message \u00e0 info@neoballet.ch, ou utilisez le formulaire de contact (dans ce cas merci de v\u00e9rifier vos spams, nous r\u00e9pondons g\u00e9n\u00e9ralement sous 48h)<\/p>\n\n\n\n<h6 class=\"wp-block-heading\"><strong>NeoBallet Lutry<\/strong><\/h6>\n\n\n\n<div id=\"wp-block-themeisle-blocks-icon-list-97d58b0f\" class=\"wp-block-themeisle-blocks-icon-list\">\n<div id=\"wp-block-themeisle-blocks-icon-list-item-46e8caff\" class=\"wp-block-themeisle-blocks-icon-list-item\"><i class=\"fas fa-map-marker wp-block-themeisle-blocks-icon-list-item-icon-custom\"><\/i><p class=\"wp-block-themeisle-blocks-icon-list-item-content\"><strong>Rte de la Conversion 261, 1093 Lutry<\/strong><\/p><\/div>\n\n\n\n<div id=\"wp-block-themeisle-blocks-icon-list-item-53144f38\" class=\"wp-block-themeisle-blocks-icon-list-item\"><i class=\"fas fa-phone-square-alt wp-block-themeisle-blocks-icon-list-item-icon-custom\"><\/i><p class=\"wp-block-themeisle-blocks-icon-list-item-content\"><strong>T\u00e9l: +41 77 223 83 34<\/strong><\/p><\/div>\n\n\n\n<div id=\"wp-block-themeisle-blocks-icon-list-item-3f26a67a\" class=\"wp-block-themeisle-blocks-icon-list-item\"><i class=\"fas fa-at wp-block-themeisle-blocks-icon-list-item-icon-custom\"><\/i><p class=\"wp-block-themeisle-blocks-icon-list-item-content\"><strong>info@neoballet.ch<\/strong><\/p><\/div>\n<\/div>\n<\/div>\n\n\n\n<div id=\"wp-block-themeisle-blocks-advanced-column-0eb66212\" class=\"wp-block-themeisle-blocks-advanced-column contact-form\">\n<div id=\"wp-block-themeisle-blocks-form-63cd559d\" class=\"wp-block-themeisle-blocks-form ticss-63cd559d\" data-option-name=\"bf9b28ff82ce323187abc5d0feb0d8f07ecd8436_63cd559d\"><form class=\"otter-form__container\">\n<div id=\"wp-block-themeisle-blocks-form-input-fbfe0047\" class=\"wp-block-themeisle-blocks-form-input\"><label for=\"wp-block-themeisle-blocks-form-input-fbfe0047-input\" class=\"otter-form-input-label\"><span class=\"otter-form-input-label__label\">Nom<\/span><span class=\"required\">*<\/span><\/label><input type=\"text\" id=\"wp-block-themeisle-blocks-form-input-fbfe0047-input\" required placeholder=\"Votre Nom\" class=\"otter-form-input\"\/><\/div>\n\n\n\n<div id=\"wp-block-themeisle-blocks-form-input-2b087319\" class=\"wp-block-themeisle-blocks-form-input\"><label for=\"wp-block-themeisle-blocks-form-input-2b087319-input\" class=\"otter-form-input-label\"><span class=\"otter-form-input-label__label\">Email<\/span><span class=\"required\">*<\/span><\/label><input type=\"email\" id=\"wp-block-themeisle-blocks-form-input-2b087319-input\" required placeholder=\"Votre email\" class=\"otter-form-input\"\/><\/div>\n\n\n<div class=\"wp-block-themeisle-blocks-form-multiple-choice\" id=\"wp-block-themeisle-blocks-form-input-41734a2f\"><label class=\"otter-form-input-label\" for=\"wp-block-themeisle-blocks-form-input-41734a2f\" >Cours<\/label><select id=\"wp-block-themeisle-blocks-form-input-41734a2f\"  name=\"wp-block-themeisle-blocks-form-input-41734a2f\"><option value=\"\">***<\/option><option value=\"lundi-1630-7-10-jazz\">Lundi 16:30 7-10 (Jazz)<\/option><option value=\"lundi-1730-9-12-jazz\">Lundi 17:30 9-12 (Jazz)<\/option><option value=\"lundi-1830-stretching\">Lundi 18:30 Stretching<\/option><option value=\"lundi-1930-adultes-avance\">Lundi 19:30 Adultes Avanc\u00e9<\/option><option value=\"mardi-1630-9-12-ballet\">Mardi 16:30 9-12 (Ballet)<\/option><option value=\"mardi-1730-ados-ballet\">Mardi 17:30 Ados (Ballet)<\/option><option value=\"mardi-1830-adultes-debuttant\">Mardi 18:30 Adultes D\u00e9buttant<\/option><option value=\"mercredi-1440-4-5\">Mercredi 14:40 4-5<\/option><option value=\"mercredi-1530-6-8-ballet\">Mercredi 15:30 6-8 (Ballet)<\/option><option value=\"mercredi-1630-7-10-jazz\">Mercredi 16:30 7-10 (Jazz)<\/option><option value=\"mercredi-1730-ados-jazz\">Mercredi 17:30 Ados (Jazz)<\/option><option value=\"mercredi-1830-adultes-intermediaire\">Mercredi 18:30 Adultes Interm\u00e9diaire<\/option><option value=\"jeudi-1630-6-8-jazz\">Jeudi 16:30 6-8 (Jazz)<\/option><option value=\"vendredi-1000-gym-stretching\">Vendredi 10:00 Gym Stretching<\/option><\/select><span class=\"o-form-help\"><\/span><\/div>\n\n\n<div id=\"wp-block-themeisle-blocks-form-textarea-12b40947\" class=\"wp-block-themeisle-blocks-form-textarea\"><label for=\"wp-block-themeisle-blocks-form-textarea-12b40947-input\" class=\"otter-form-textarea-label\"><span class=\"otter-form-textarea-label__label\">Message<\/span><\/label><textarea id=\"wp-block-themeisle-blocks-form-textarea-12b40947-input\" placeholder=\"Votre message\" rows=\"10\" class=\"otter-form-textarea-input\"><\/textarea><\/div>\n\n\n<div class=\"protection\" aria-hidden=\"true\"><input type=\"hidden\" id=\"wp-block-themeisle-blocks-form-63cd559d_nonce_field\" name=\"wp-block-themeisle-blocks-form-63cd559d_nonce_field\" value=\"28bf076b8c\" \/><input type=\"hidden\" name=\"_wp_http_referer\" value=\"\/index.php?rest_route=%2Fwp%2Fv2%2Fpages%2F103\" \/><input class=\"o-anti-bot\" type=\"checkbox\"><\/div><div class=\"wp-block-button\"><button class=\"wp-block-button__link\" type=\"submit\">Envoyer<\/button><\/div><\/form><\/div>\n<\/div>\n<\/div><\/div>\n\n\n\n<div id=\"wp-block-themeisle-blocks-advanced-columns-f6714dd7\" class=\"wp-block-themeisle-blocks-advanced-columns alignfull has-2-columns has-desktop-equal-layout has-tablet-equal-layout has-mobile-collapsedRows-layout has-vertical-unset has-dark-bg\"><div class=\"wp-block-themeisle-blocks-advanced-columns-overlay\"><\/div><div class=\"innerblocks-wrap\">\n<div id=\"wp-block-themeisle-blocks-advanced-column-0071d223\" class=\"wp-block-themeisle-blocks-advanced-column\">\n<h3 class=\"wp-block-heading has-text-align-center has-white-color has-text-color\">Adresse<\/h3>\n\n\n\n<div id=\"wp-block-themeisle-blocks-button-group-06a580df\" class=\"wp-block-themeisle-blocks-button-group wp-block-buttons align-center\">\n<div id=\"wp-block-themeisle-blocks-button-00ed9443\" class=\"wp-block-themeisle-blocks-button wp-block-button\"><a href=\"\" target=\"_self\" rel=\"noopener noreferrer\" class=\"wp-block-button__link\"><span><strong>NeoBallet Lutry<\/strong><\/span><\/a><\/div>\n<\/div>\n\n\n\n<div id=\"wp-block-themeisle-blocks-icon-list-e5ec953c\" class=\"wp-block-themeisle-blocks-icon-list\">\n<div id=\"wp-block-themeisle-blocks-icon-list-item-a656cf2a\" class=\"wp-block-themeisle-blocks-icon-list-item\"><i class=\"fas fa-map-marker wp-block-themeisle-blocks-icon-list-item-icon\"><\/i><p class=\"wp-block-themeisle-blocks-icon-list-item-content-custom\"><strong><strong><a href=\"https:\/\/www.google.ch\/maps\/place\/Neoballet+Lutry\/@46.5120836,6.6764761,17z\/data=!3m1!4b1!4m6!3m5!1s0x478c2fb2a0a68375:0x8b6b525096d9f967!8m2!3d46.5120836!4d6.679051!16s%2Fg%2F11v19153wy?entry=ttu\" data-type=\"link\" data-id=\"https:\/\/www.google.ch\/maps\/place\/Neoballet+Lutry\/@46.5120836,6.6764761,17z\/data=!3m1!4b1!4m6!3m5!1s0x478c2fb2a0a68375:0x8b6b525096d9f967!8m2!3d46.5120836!4d6.679051!16s%2Fg%2F11v19153wy?entry=ttu\">Rte de la Conversion 261, 1093 Lutry<\/a><\/strong><\/strong><\/p><\/div>\n\n\n\n<div id=\"wp-block-themeisle-blocks-icon-list-item-16fec1d6\" class=\"wp-block-themeisle-blocks-icon-list-item\"><i class=\"fas fa-phone-square-alt wp-block-themeisle-blocks-icon-list-item-icon-custom\"><\/i><p class=\"wp-block-themeisle-blocks-icon-list-item-content-custom\"><strong><strong>T\u00e9l: +41 77 223 83 34<\/strong><\/strong><\/p><\/div>\n<\/div>\n<\/div>\n\n\n\n<div id=\"wp-block-themeisle-blocks-advanced-column-e81d388b\" class=\"wp-block-themeisle-blocks-advanced-column\">\n<h3 class=\"wp-block-heading has-text-align-center has-white-color has-text-color\">Social<\/h3>\n\n\n\n<div id=\"wp-block-themeisle-blocks-icon-list-d0fad669\" class=\"wp-block-themeisle-blocks-icon-list\">\n<div id=\"wp-block-themeisle-blocks-icon-list-item-14c92680\" class=\"wp-block-themeisle-blocks-icon-list-item\"><i class=\"fab fa-facebook-square wp-block-themeisle-blocks-icon-list-item-icon\"><\/i><p class=\"wp-block-themeisle-blocks-icon-list-item-content\"><strong><a href=\"https:\/\/www.facebook.com\/profile.php?id=100094244890925\" data-type=\"URL\" data-id=\"https:\/\/www.facebook.com\/profile.php?id=100094244890925\">FACEBOOK<\/a><\/strong><\/p><\/div>\n\n\n\n<div id=\"wp-block-themeisle-blocks-icon-list-item-3a6b0785\" class=\"wp-block-themeisle-blocks-icon-list-item\"><i class=\"fab fa-instagram wp-block-themeisle-blocks-icon-list-item-icon\"><\/i><p class=\"wp-block-themeisle-blocks-icon-list-item-content\"><strong><a href=\"https:\/\/www.instagram.com\/neoballetlutry\/\">INSTAGRAM<\/a><\/strong><\/p><\/div>\n<\/div>\n<\/div>\n<\/div><\/div>\n\n\n\n<div id=\"wp-block-themeisle-blocks-advanced-columns-92a241ea\" class=\"wp-block-themeisle-blocks-advanced-columns alignfull has-1-columns has-desktop-equal-layout has-tablet-equal-layout has-mobile-equal-layout has-vertical-unset\"><div class=\"wp-block-themeisle-blocks-advanced-columns-overlay\"><\/div><div class=\"innerblocks-wrap\">\n<div id=\"wp-block-themeisle-blocks-advanced-column-165756b3\" class=\"wp-block-themeisle-blocks-advanced-column\"><\/div>\n<\/div><\/div>\n","protected":false},"excerpt":{"rendered":"","protected":false},"author":1,"featured_media":0,"parent":0,"menu_order":0,"comment_status":"closed","ping_status":"closed","template":"page-templates\/template-pagebuilder-full-width.php","meta":{"neve_meta_sidebar":"full-width","neve_meta_container":"","neve_meta_enable_content_width":"on","neve_meta_content_width":100,"neve_meta_title_alignment":"","neve_meta_author_avatar":"","neve_post_elements_order":"","neve_meta_disable_header":"","neve_meta_disable_footer":"","neve_meta_disable_title":"on","_themeisle_gutenberg_block_has_review":false,"footnotes":""},"class_list":["post-103","page","type-page","status-publish","hentry"],"_links":{"self":[{"href":"https:\/\/neoballet.ch\/index.php?rest_route=\/wp\/v2\/pages\/103","targetHints":{"allow":["GET"]}}],"collection":[{"href":"https:\/\/neoballet.ch\/index.php?rest_route=\/wp\/v2\/pages"}],"about":[{"href":"https:\/\/neoballet.ch\/index.php?rest_route=\/wp\/v2\/types\/page"}],"author":[{"embeddable":true,"href":"https:\/\/neoballet.ch\/index.php?rest_route=\/wp\/v2\/users\/1"}],"replies":[{"embeddable":true,"href":"https:\/\/neoballet.ch\/index.php?rest_route=%2Fwp%2Fv2%2Fcomments&post=103"}],"version-history":[{"count":17,"href":"https:\/\/neoballet.ch\/index.php?rest_route=\/wp\/v2\/pages\/103\/revisions"}],"predecessor-version":[{"id":435,"href":"https:\/\/neoballet.ch\/index.php?rest_route=\/wp\/v2\/pages\/103\/revisions\/435"}],"wp:attachment":[{"href":"https:\/\/neoballet.ch\/index.php?rest_route=%2Fwp%2Fv2%2Fmedia&parent=103"}],"curies":[{"name":"wp","href":"https:\/\/api.w.org\/{rel}","templated":true}]}}