{"id":95,"date":"2020-05-17T18:59:16","date_gmt":"2020-05-17T18:59:16","guid":{"rendered":"https:\/\/demosites.io\/yoga-studio-gb\/?page_id=95"},"modified":"2025-06-17T22:14:57","modified_gmt":"2025-06-17T20:14:57","slug":"84647-about","status":"publish","type":"page","link":"https:\/\/neoballet.ch\/?page_id=95","title":{"rendered":"A propos"},"content":{"rendered":"\n<div id=\"wp-block-themeisle-blocks-advanced-columns-de58857b\" class=\"wp-block-themeisle-blocks-advanced-columns alignfull has-1-columns has-desktop-equal-layout has-tablet-equal-layout has-mobile-equal-layout has-vertical-unset\"><div class=\"wp-block-themeisle-blocks-advanced-columns-overlay\"><\/div><div class=\"innerblocks-wrap\">\n<div id=\"wp-block-themeisle-blocks-advanced-column-f2953736\" class=\"wp-block-themeisle-blocks-advanced-column\">\n<h1 id=\"wp-block-themeisle-blocks-advanced-heading-c0b67f5b\" class=\"wp-block-themeisle-blocks-advanced-heading wp-block-themeisle-blocks-advanced-heading-c0b67f5b\">         Serenella<\/h1>\n\n\n\n<h1 id=\"wp-block-themeisle-blocks-advanced-heading-755f40c5\" class=\"wp-block-themeisle-blocks-advanced-heading wp-block-themeisle-blocks-advanced-heading-755f40c5\">Pallini<\/h1>\n<\/div>\n<\/div><\/div>\n\n\n\n<div id=\"wp-block-themeisle-blocks-advanced-columns-e9cd1f42\" class=\"wp-block-themeisle-blocks-advanced-columns alignfull has-2-columns has-desktop-oneTwo-layout has-tablet-equal-layout has-mobile-collapsedRows-layout has-vertical-center has-light-bg\"><div class=\"wp-block-themeisle-blocks-advanced-columns-overlay\"><\/div><div class=\"innerblocks-wrap\">\n<div id=\"wp-block-themeisle-blocks-advanced-column-0b871236\" class=\"wp-block-themeisle-blocks-advanced-column\">\n<h4 class=\"wp-block-heading has-neve-button-color-color has-text-color\">Professeur de Danse<\/h4>\n\n\n\n<h2 class=\"wp-block-heading\">Serenella Pallini<\/h2>\n\n\n\n<p><br>Elle est n\u00e9e \u00e0 G\u00eanes, en Italie, ville dans laquelle elle d\u00e9bute la danse et 10 ans apr\u00e8s, int\u00e8gre l\u2019Acad\u00e9mie de danse classique Princesse Gr\u00e2ce \u00e0 Monte-Carlo. Elle poursuit sa formation vers d\u2019autres techniques \u00e0 G\u00eanes (lib\u00e9ration et jazz) et obtient une bourse pour l\u2019\u00e9cole professionnelle Il Balletto di Toscana \u00e0 Florence, ou elle y travaille les techniques modernes et contemporaines et elle fera partie de la compagnie Opus Ballet.<\/p>\n\n\n\n<p>Plus tard, elle est engag\u00e9e comme danseuse dans la Compagnie Kaleido pendant 3 ans et remporte divers prix aux concours Internationaux en Italie. Elle continue son parcours en tant que danseuses free lance dans diverses compagnies \u00e0 Paris telles que la compagnie Kinetic (Dominique Lesdema) la compagnie PGK (Patricia Karagozian) et la compagnie Armstrong Jazz Ballet (Geraldine Armstrong) entre autres.<\/p>\n\n\n\n<p>En parall\u00e8le, elle suit des formations r\u00e9guli\u00e8res au studio Harmonic \u00e0 Paris, au CND \u00e0 Paris, au Th\u00e9\u00e2tre Carcano \u00e0 Milan et \u00e0 l\u2019I.A.L.S \u00e0 Rome. En 2011, elle obtient son dipl\u00f4me d\u2019\u00e9tat en tant que professeur de Jazz au Centre National de la Danse de Paris.<\/p>\n\n\n\n<p>Elle enseigne \u00e0 des enfants et des adultes de tous niveaux dans diff\u00e9rentes \u00e9coles de danse \u00e0 Paris. Puis s\u2019envole pour Singapour ou elle continue d\u2019enseigner et ouvre sa propre \u00e9cole (Danza Attitude) qu&#8217;elle dirigera et avec la quelle pr\u00e9sentera plusieurs Spectacles pendant 5 ans. Elle travaille \u00e9galement pour la NTU de Singapour comme professeur de danse. Depuis 2019\/2022 elle a enseign\u00e9 la danse Modern-Jazz et la danse classique \u00e0 Lausanne pour l \u00e9cole Igokat <\/p>\n\n\n\n<p>En 2023, elle ouvre sa propre \u00e9cole \u00e0 Lutry<\/p>\n\n\n\n<div class=\"wp-block-buttons is-layout-flex wp-block-buttons-is-layout-flex\"><\/div>\n<\/div>\n\n\n\n<div id=\"wp-block-themeisle-blocks-advanced-column-58ba5715\" class=\"wp-block-themeisle-blocks-advanced-column\"><style type=\"text\/css\">.otter-masonry .blocks-gallery-grid .blocks-gallery-item img{ width:100% }<\/style><div class=\"otter-masonry\" data-margin=\"10\">\n<figure class=\"wp-block-gallery has-nested-images columns-default is-cropped wp-block-gallery-1 is-layout-flex wp-block-gallery-is-layout-flex\">\n<figure class=\"wp-block-image size-large\"><img loading=\"lazy\" decoding=\"async\" width=\"576\" height=\"1024\" data-id=\"294\" src=\"http:\/\/neoballet.ch\/wp-content\/uploads\/2023\/07\/IMG-20230703-WA0012-576x1024.jpg\" alt=\"\" class=\"wp-image-294\" srcset=\"https:\/\/neoballet.ch\/wp-content\/uploads\/2023\/07\/IMG-20230703-WA0012-576x1024.jpg 576w, https:\/\/neoballet.ch\/wp-content\/uploads\/2023\/07\/IMG-20230703-WA0012-169x300.jpg 169w, https:\/\/neoballet.ch\/wp-content\/uploads\/2023\/07\/IMG-20230703-WA0012-768x1365.jpg 768w, https:\/\/neoballet.ch\/wp-content\/uploads\/2023\/07\/IMG-20230703-WA0012-864x1536.jpg 864w, https:\/\/neoballet.ch\/wp-content\/uploads\/2023\/07\/IMG-20230703-WA0012.jpg 1152w\" sizes=\"auto, (max-width: 576px) 100vw, 576px\" \/><\/figure>\n\n\n\n<figure class=\"wp-block-image size-large\"><img loading=\"lazy\" decoding=\"async\" width=\"523\" height=\"1024\" data-id=\"293\" src=\"http:\/\/neoballet.ch\/wp-content\/uploads\/2023\/07\/IMG-20230703-WA0011-523x1024.jpg\" alt=\"\" class=\"wp-image-293\" srcset=\"https:\/\/neoballet.ch\/wp-content\/uploads\/2023\/07\/IMG-20230703-WA0011-523x1024.jpg 523w, https:\/\/neoballet.ch\/wp-content\/uploads\/2023\/07\/IMG-20230703-WA0011-153x300.jpg 153w, https:\/\/neoballet.ch\/wp-content\/uploads\/2023\/07\/IMG-20230703-WA0011-768x1504.jpg 768w, https:\/\/neoballet.ch\/wp-content\/uploads\/2023\/07\/IMG-20230703-WA0011-785x1536.jpg 785w, https:\/\/neoballet.ch\/wp-content\/uploads\/2023\/07\/IMG-20230703-WA0011.jpg 948w\" sizes=\"auto, (max-width: 523px) 100vw, 523px\" \/><\/figure>\n\n\n\n<figure class=\"wp-block-image size-large\"><img loading=\"lazy\" decoding=\"async\" width=\"1024\" height=\"683\" data-id=\"300\" src=\"http:\/\/neoballet.ch\/wp-content\/uploads\/2023\/07\/IMG-20230703-WA0018-1024x683.jpg\" alt=\"\" class=\"wp-image-300\" srcset=\"https:\/\/neoballet.ch\/wp-content\/uploads\/2023\/07\/IMG-20230703-WA0018-1024x683.jpg 1024w, https:\/\/neoballet.ch\/wp-content\/uploads\/2023\/07\/IMG-20230703-WA0018-300x200.jpg 300w, https:\/\/neoballet.ch\/wp-content\/uploads\/2023\/07\/IMG-20230703-WA0018-768x512.jpg 768w, https:\/\/neoballet.ch\/wp-content\/uploads\/2023\/07\/IMG-20230703-WA0018-1536x1025.jpg 1536w, https:\/\/neoballet.ch\/wp-content\/uploads\/2023\/07\/IMG-20230703-WA0018-930x620.jpg 930w, https:\/\/neoballet.ch\/wp-content\/uploads\/2023\/07\/IMG-20230703-WA0018.jpg 2048w\" sizes=\"auto, (max-width: 1024px) 100vw, 1024px\" \/><\/figure>\n\n\n\n<figure class=\"wp-block-image size-large\"><img loading=\"lazy\" decoding=\"async\" width=\"1024\" height=\"975\" data-id=\"298\" src=\"http:\/\/neoballet.ch\/wp-content\/uploads\/2023\/07\/IMG-20230703-WA0016-1024x975.jpg\" alt=\"\" class=\"wp-image-298\" srcset=\"https:\/\/neoballet.ch\/wp-content\/uploads\/2023\/07\/IMG-20230703-WA0016-1024x975.jpg 1024w, https:\/\/neoballet.ch\/wp-content\/uploads\/2023\/07\/IMG-20230703-WA0016-300x286.jpg 300w, https:\/\/neoballet.ch\/wp-content\/uploads\/2023\/07\/IMG-20230703-WA0016-768x731.jpg 768w, https:\/\/neoballet.ch\/wp-content\/uploads\/2023\/07\/IMG-20230703-WA0016-1536x1463.jpg 1536w, https:\/\/neoballet.ch\/wp-content\/uploads\/2023\/07\/IMG-20230703-WA0016.jpg 2048w\" sizes=\"auto, (max-width: 1024px) 100vw, 1024px\" \/><\/figure>\n\n\n\n<figure class=\"wp-block-image size-large\"><img loading=\"lazy\" decoding=\"async\" width=\"1024\" height=\"551\" data-id=\"275\" src=\"http:\/\/neoballet.ch\/wp-content\/uploads\/2023\/07\/IMG-20230703-WA0036-1024x551.jpg\" alt=\"\" class=\"wp-image-275\" srcset=\"https:\/\/neoballet.ch\/wp-content\/uploads\/2023\/07\/IMG-20230703-WA0036-1024x551.jpg 1024w, https:\/\/neoballet.ch\/wp-content\/uploads\/2023\/07\/IMG-20230703-WA0036-300x161.jpg 300w, https:\/\/neoballet.ch\/wp-content\/uploads\/2023\/07\/IMG-20230703-WA0036-768x413.jpg 768w, https:\/\/neoballet.ch\/wp-content\/uploads\/2023\/07\/IMG-20230703-WA0036-1536x826.jpg 1536w, https:\/\/neoballet.ch\/wp-content\/uploads\/2023\/07\/IMG-20230703-WA0036.jpg 2048w\" sizes=\"auto, (max-width: 1024px) 100vw, 1024px\" \/><\/figure>\n\n\n\n<figure class=\"wp-block-image size-large\"><img loading=\"lazy\" decoding=\"async\" width=\"1024\" height=\"683\" data-id=\"276\" src=\"http:\/\/neoballet.ch\/wp-content\/uploads\/2023\/07\/IMG-20230703-WA0037-1024x683.jpg\" alt=\"\" class=\"wp-image-276\" srcset=\"https:\/\/neoballet.ch\/wp-content\/uploads\/2023\/07\/IMG-20230703-WA0037-1024x683.jpg 1024w, https:\/\/neoballet.ch\/wp-content\/uploads\/2023\/07\/IMG-20230703-WA0037-300x200.jpg 300w, https:\/\/neoballet.ch\/wp-content\/uploads\/2023\/07\/IMG-20230703-WA0037-768x512.jpg 768w, https:\/\/neoballet.ch\/wp-content\/uploads\/2023\/07\/IMG-20230703-WA0037-1536x1024.jpg 1536w, https:\/\/neoballet.ch\/wp-content\/uploads\/2023\/07\/IMG-20230703-WA0037-930x620.jpg 930w, https:\/\/neoballet.ch\/wp-content\/uploads\/2023\/07\/IMG-20230703-WA0037.jpg 2048w\" sizes=\"auto, (max-width: 1024px) 100vw, 1024px\" \/><\/figure>\n\n\n\n<figure class=\"wp-block-image size-large\"><img loading=\"lazy\" decoding=\"async\" width=\"1024\" height=\"683\" data-id=\"278\" src=\"http:\/\/neoballet.ch\/wp-content\/uploads\/2023\/07\/IMG-20230703-WA0039-1024x683.jpg\" alt=\"\" class=\"wp-image-278\" srcset=\"https:\/\/neoballet.ch\/wp-content\/uploads\/2023\/07\/IMG-20230703-WA0039-1024x683.jpg 1024w, https:\/\/neoballet.ch\/wp-content\/uploads\/2023\/07\/IMG-20230703-WA0039-300x200.jpg 300w, https:\/\/neoballet.ch\/wp-content\/uploads\/2023\/07\/IMG-20230703-WA0039-768x512.jpg 768w, https:\/\/neoballet.ch\/wp-content\/uploads\/2023\/07\/IMG-20230703-WA0039-1536x1024.jpg 1536w, https:\/\/neoballet.ch\/wp-content\/uploads\/2023\/07\/IMG-20230703-WA0039-930x620.jpg 930w, https:\/\/neoballet.ch\/wp-content\/uploads\/2023\/07\/IMG-20230703-WA0039.jpg 2048w\" sizes=\"auto, (max-width: 1024px) 100vw, 1024px\" \/><\/figure>\n\n\n\n<figure class=\"wp-block-image size-large\"><img loading=\"lazy\" decoding=\"async\" width=\"1024\" height=\"683\" data-id=\"28\" src=\"http:\/\/neoballet.ch\/wp-content\/uploads\/2023\/07\/IMG_8689-1024x683.jpg\" alt=\"\" class=\"wp-image-28\" srcset=\"https:\/\/neoballet.ch\/wp-content\/uploads\/2023\/07\/IMG_8689-1024x683.jpg 1024w, https:\/\/neoballet.ch\/wp-content\/uploads\/2023\/07\/IMG_8689-300x200.jpg 300w, https:\/\/neoballet.ch\/wp-content\/uploads\/2023\/07\/IMG_8689-768x512.jpg 768w, https:\/\/neoballet.ch\/wp-content\/uploads\/2023\/07\/IMG_8689-1536x1024.jpg 1536w, https:\/\/neoballet.ch\/wp-content\/uploads\/2023\/07\/IMG_8689-2048x1365.jpg 2048w, https:\/\/neoballet.ch\/wp-content\/uploads\/2023\/07\/IMG_8689-1568x1045.jpg 1568w\" sizes=\"auto, (max-width: 1024px) 100vw, 1024px\" \/><\/figure>\n\n\n\n<figure class=\"wp-block-image size-large\"><img loading=\"lazy\" decoding=\"async\" width=\"1024\" height=\"683\" data-id=\"29\" src=\"http:\/\/neoballet.ch\/wp-content\/uploads\/2023\/07\/IMG_8631-1024x683.jpg\" alt=\"\" class=\"wp-image-29\" srcset=\"https:\/\/neoballet.ch\/wp-content\/uploads\/2023\/07\/IMG_8631-1024x683.jpg 1024w, https:\/\/neoballet.ch\/wp-content\/uploads\/2023\/07\/IMG_8631-300x200.jpg 300w, https:\/\/neoballet.ch\/wp-content\/uploads\/2023\/07\/IMG_8631-768x512.jpg 768w, https:\/\/neoballet.ch\/wp-content\/uploads\/2023\/07\/IMG_8631-1536x1024.jpg 1536w, https:\/\/neoballet.ch\/wp-content\/uploads\/2023\/07\/IMG_8631-2048x1365.jpg 2048w, https:\/\/neoballet.ch\/wp-content\/uploads\/2023\/07\/IMG_8631-1568x1045.jpg 1568w\" sizes=\"auto, (max-width: 1024px) 100vw, 1024px\" \/><\/figure>\n\n\n\n<figure class=\"wp-block-image size-large\"><img loading=\"lazy\" decoding=\"async\" width=\"1443\" height=\"2048\" data-id=\"315\" src=\"http:\/\/neoballet.ch\/wp-content\/uploads\/2023\/07\/IMG-20230703-WA0033.jpg\" alt=\"\" class=\"wp-image-315\"\/><\/figure>\n<\/figure>\n<\/div><\/div>\n<\/div><\/div>\n\n\n\n<div id=\"wp-block-themeisle-blocks-advanced-columns-2d9c107f\" class=\"wp-block-themeisle-blocks-advanced-columns alignfull has-1-columns has-desktop-equal-layout has-tablet-equal-layout has-mobile-collapsedRows-layout has-vertical-unset has-light-bg\"><div class=\"wp-block-themeisle-blocks-advanced-columns-overlay\"><\/div><div class=\"innerblocks-wrap\">\n<div id=\"wp-block-themeisle-blocks-advanced-column-55304cde\" class=\"wp-block-themeisle-blocks-advanced-column\">\n<div id=\"wp-block-themeisle-blocks-icon-list-9c3ec765\" class=\"wp-block-themeisle-blocks-icon-list is-style-horizontal\">\n<div id=\"wp-block-themeisle-blocks-icon-list-item-16fa86a8\" class=\"wp-block-themeisle-blocks-icon-list-item\"><i class=\"fas fa-spa wp-block-themeisle-blocks-icon-list-item-icon-custom\"><\/i><p class=\"wp-block-themeisle-blocks-icon-list-item-content-custom\"><strong>MODERN-JAZZ, BALLET, CONTEMPORAIN<\/strong><\/p><\/div>\n\n\n\n<div id=\"wp-block-themeisle-blocks-icon-list-item-bfcfc5e0\" class=\"wp-block-themeisle-blocks-icon-list-item\"><i class=\"fas fa-universal-access wp-block-themeisle-blocks-icon-list-item-icon-custom\"><\/i><p class=\"wp-block-themeisle-blocks-icon-list-item-content-custom\"><strong>TOUT AGES, TOUT NIVEAUX<\/strong><\/p><\/div>\n<\/div>\n<\/div>\n<\/div><\/div>\n","protected":false},"excerpt":{"rendered":"","protected":false},"author":1,"featured_media":0,"parent":0,"menu_order":0,"comment_status":"closed","ping_status":"closed","template":"page-templates\/template-pagebuilder-full-width.php","meta":{"neve_meta_sidebar":"full-width","neve_meta_container":"","neve_meta_enable_content_width":"on","neve_meta_content_width":100,"neve_meta_title_alignment":"","neve_meta_author_avatar":"","neve_post_elements_order":"","neve_meta_disable_header":"","neve_meta_disable_footer":"","neve_meta_disable_title":"on","_themeisle_gutenberg_block_has_review":false,"footnotes":""},"class_list":["post-95","page","type-page","status-publish","hentry"],"_links":{"self":[{"href":"https:\/\/neoballet.ch\/index.php?rest_route=\/wp\/v2\/pages\/95","targetHints":{"allow":["GET"]}}],"collection":[{"href":"https:\/\/neoballet.ch\/index.php?rest_route=\/wp\/v2\/pages"}],"about":[{"href":"https:\/\/neoballet.ch\/index.php?rest_route=\/wp\/v2\/types\/page"}],"author":[{"embeddable":true,"href":"https:\/\/neoballet.ch\/index.php?rest_route=\/wp\/v2\/users\/1"}],"replies":[{"embeddable":true,"href":"https:\/\/neoballet.ch\/index.php?rest_route=%2Fwp%2Fv2%2Fcomments&post=95"}],"version-history":[{"count":10,"href":"https:\/\/neoballet.ch\/index.php?rest_route=\/wp\/v2\/pages\/95\/revisions"}],"predecessor-version":[{"id":430,"href":"https:\/\/neoballet.ch\/index.php?rest_route=\/wp\/v2\/pages\/95\/revisions\/430"}],"wp:attachment":[{"href":"https:\/\/neoballet.ch\/index.php?rest_route=%2Fwp%2Fv2%2Fmedia&parent=95"}],"curies":[{"name":"wp","href":"https:\/\/api.w.org\/{rel}","templated":true}]}}